{"id":120,"date":"2025-08-28T16:58:45","date_gmt":"2025-08-28T14:58:45","guid":{"rendered":"https:\/\/kinoo.ovh\/?page_id=120"},"modified":"2025-09-11T22:11:52","modified_gmt":"2025-09-11T20:11:52","slug":"bienvenue-chez-kinoo","status":"publish","type":"page","link":"https:\/\/kinoo.ovh\/","title":{"rendered":"Bienvenue chez Kinoo"},"content":{"rendered":"\n<div class=\"wp-block-group alignfull has-global-padding is-layout-constrained wp-container-core-group-is-layout-0c9c989a wp-block-group-is-layout-constrained\" style=\"min-height:0vh;margin-top:0;margin-bottom:0;padding-top:var(--wp--preset--spacing--70);padding-right:var(--wp--preset--spacing--40);padding-bottom:var(--wp--preset--spacing--70);padding-left:var(--wp--preset--spacing--40)\">\n<div class=\"wp-block-group has-global-padding is-layout-constrained wp-container-core-group-is-layout-346627ba wp-block-group-is-layout-constrained\">\n<h2 class=\"wp-block-heading has-text-align-center has-xx-large-font-size\" style=\"margin-right:0;margin-left:0;padding-right:0;padding-left:0\">Pour le plaisir<\/h2>\n\n\n\n<p class=\"has-text-align-center\">Dans nos poches plus souvent que nos cl\u00e9s, notre t\u00e9l\u00e9phone est devenu une extension de notre main. Il n&#8217;est plus un accessoire, il est devenu un nouvel organe du corps humain, greff\u00e9 \u00e0 son propri\u00e9taire. Sa capacit\u00e9 \u00e0 photographier chaque instant sans limite a explos\u00e9 le nombre de clich\u00e9s pris. Ici est une collection de mes photos personnelles pr\u00e9f\u00e9r\u00e9es<\/p>\n\n\n\n<div class=\"wp-block-buttons is-content-justification-center is-layout-flex wp-container-core-buttons-is-layout-a89b3969 wp-block-buttons-is-layout-flex\">\n<div class=\"wp-block-button\"><a class=\"wp-block-button__link wp-element-button\">En savoir plus<\/a><\/div>\n<\/div>\n<\/div>\n<\/div>\n\n\n\n<div class=\"wp-block-group alignfull is-style-section-1 has-global-padding is-layout-constrained wp-block-group-is-layout-constrained is-style-section-1--1\" style=\"margin-top:0;margin-bottom:0;padding-top:var(--wp--preset--spacing--80);padding-bottom:var(--wp--preset--spacing--80)\">\n<div class=\"wp-block-columns alignwide is-layout-flex wp-container-core-columns-is-layout-66fad18a wp-block-columns-is-layout-flex\">\n<div class=\"wp-block-column is-layout-flow wp-block-column-is-layout-flow\" style=\"padding-right:var(--wp--preset--spacing--50);flex-basis:45%\">\n<figure class=\"wp-block-image size-full\"><img decoding=\"async\" src=\"https:\/\/kinoo.ovh\/wp-content\/themes\/twentytwentyfive\/assets\/images\/red-hibiscus-closeup.webp\" alt=\"Photographie en gros plan d\u2019une fleur rouge.\"\/><\/figure>\n\n\n\n<div class=\"wp-block-group has-global-padding is-layout-constrained wp-block-group-is-layout-constrained\" style=\"margin-top:-12vw\">\n<figure class=\"wp-block-image alignright size-full is-resized\" style=\"margin-right:-5vw;margin-left:-5vw\"><img loading=\"lazy\" decoding=\"async\" width=\"1024\" height=\"1024\" src=\"http:\/\/kinoo.ovh\/wp-content\/uploads\/2025\/08\/IMG_6440.jpg\" alt=\"\" class=\"wp-image-135\" style=\"width:202px\" srcset=\"https:\/\/kinoo.ovh\/wp-content\/uploads\/2025\/08\/IMG_6440.jpg 1024w, https:\/\/kinoo.ovh\/wp-content\/uploads\/2025\/08\/IMG_6440-300x300.jpg 300w, https:\/\/kinoo.ovh\/wp-content\/uploads\/2025\/08\/IMG_6440-150x150.jpg 150w, https:\/\/kinoo.ovh\/wp-content\/uploads\/2025\/08\/IMG_6440-768x768.jpg 768w\" sizes=\"auto, (max-width: 1024px) 100vw, 1024px\" \/><\/figure>\n<\/div>\n<\/div>\n\n\n\n<div class=\"wp-block-column is-vertically-aligned-center is-layout-flow wp-block-column-is-layout-flow\" style=\"padding-right:0;padding-left:0;flex-basis:50%\">\n<div class=\"wp-block-group is-vertical is-layout-flex wp-container-core-group-is-layout-fe9cc265 wp-block-group-is-layout-flex\">\n<h2 class=\"wp-block-heading is-style-text-annotation is-style-text-annotation--2\">\u00c0 propos<\/h2>\n<\/div>\n\n\n\n<p class=\"is-style-text-subtitle is-style-text-subtitle--3\"><strong>Kinoo<\/strong> est mon surnom depuis l&#8217;enfance, VGE \u00e9tait pr\u00e9sident. J&#8217;ai toujours aim\u00e9 prendre des photos et plus tard des vid\u00e9os. Je vis en Normandie, France et explore de temps \u00e0 autre mon environnement plus ou moins proche.<\/p>\n<\/div>\n<\/div>\n<\/div>\n\n\n\n<div class=\"wp-block-group alignwide has-global-padding is-layout-constrained wp-container-core-group-is-layout-ebee8dc1 wp-block-group-is-layout-constrained\" style=\"margin-top:0;margin-bottom:0;padding-top:var(--wp--preset--spacing--50);padding-bottom:var(--wp--preset--spacing--50)\">\n<h2 class=\"wp-block-heading alignwide is-style-text-annotation is-style-text-annotation--4\">Je les pose l\u00e0&#8230;<\/h2>\n\n\n\n<figure class=\"wp-block-gallery alignwide has-nested-images columns-4 is-cropped wp-block-gallery-5 is-layout-flex wp-block-gallery-is-layout-flex\">\n<figure class=\"wp-block-image size-large\"><a href=\"https:\/\/kinoo.ovh\/img_7241\/\"><img loading=\"lazy\" decoding=\"async\" width=\"1024\" height=\"768\" data-id=\"144\" src=\"https:\/\/kinoo.ovh\/wp-content\/uploads\/2025\/09\/IMG_7241-1024x768.jpeg\" alt=\"\" class=\"wp-image-144\" srcset=\"https:\/\/kinoo.ovh\/wp-content\/uploads\/2025\/09\/IMG_7241-1024x768.jpeg 1024w, https:\/\/kinoo.ovh\/wp-content\/uploads\/2025\/09\/IMG_7241-300x225.jpeg 300w, https:\/\/kinoo.ovh\/wp-content\/uploads\/2025\/09\/IMG_7241-768x576.jpeg 768w, https:\/\/kinoo.ovh\/wp-content\/uploads\/2025\/09\/IMG_7241-1536x1152.jpeg 1536w, https:\/\/kinoo.ovh\/wp-content\/uploads\/2025\/09\/IMG_7241-2048x1536.jpeg 2048w\" sizes=\"auto, (max-width: 1024px) 100vw, 1024px\" \/><\/a><\/figure>\n\n\n\n<figure class=\"wp-block-image size-large\"><img loading=\"lazy\" decoding=\"async\" width=\"1024\" height=\"1024\" data-id=\"143\" src=\"https:\/\/kinoo.ovh\/wp-content\/uploads\/2025\/09\/IMG_7236-1024x1024.jpeg\" alt=\"\" class=\"wp-image-143\" srcset=\"https:\/\/kinoo.ovh\/wp-content\/uploads\/2025\/09\/IMG_7236-1024x1024.jpeg 1024w, https:\/\/kinoo.ovh\/wp-content\/uploads\/2025\/09\/IMG_7236-300x300.jpeg 300w, https:\/\/kinoo.ovh\/wp-content\/uploads\/2025\/09\/IMG_7236-150x150.jpeg 150w, https:\/\/kinoo.ovh\/wp-content\/uploads\/2025\/09\/IMG_7236-768x768.jpeg 768w, https:\/\/kinoo.ovh\/wp-content\/uploads\/2025\/09\/IMG_7236-1536x1536.jpeg 1536w, https:\/\/kinoo.ovh\/wp-content\/uploads\/2025\/09\/IMG_7236-2048x2048.jpeg 2048w\" sizes=\"auto, (max-width: 1024px) 100vw, 1024px\" \/><\/figure>\n\n\n\n<figure class=\"wp-block-image size-large\"><a href=\"https:\/\/kinoo.ovh\/img_7162\/\"><img loading=\"lazy\" decoding=\"async\" width=\"1024\" height=\"1024\" data-id=\"142\" src=\"https:\/\/kinoo.ovh\/wp-content\/uploads\/2025\/09\/IMG_7162-1024x1024.jpeg\" alt=\"\" class=\"wp-image-142\" srcset=\"https:\/\/kinoo.ovh\/wp-content\/uploads\/2025\/09\/IMG_7162-1024x1024.jpeg 1024w, https:\/\/kinoo.ovh\/wp-content\/uploads\/2025\/09\/IMG_7162-300x300.jpeg 300w, https:\/\/kinoo.ovh\/wp-content\/uploads\/2025\/09\/IMG_7162-150x150.jpeg 150w, https:\/\/kinoo.ovh\/wp-content\/uploads\/2025\/09\/IMG_7162-768x768.jpeg 768w, https:\/\/kinoo.ovh\/wp-content\/uploads\/2025\/09\/IMG_7162-1536x1536.jpeg 1536w, https:\/\/kinoo.ovh\/wp-content\/uploads\/2025\/09\/IMG_7162-2048x2048.jpeg 2048w\" sizes=\"auto, (max-width: 1024px) 100vw, 1024px\" \/><\/a><figcaption class=\"wp-element-caption\">Carteret<\/figcaption><\/figure>\n\n\n\n<figure class=\"wp-block-image size-large\"><img loading=\"lazy\" decoding=\"async\" width=\"1024\" height=\"1024\" data-id=\"141\" src=\"https:\/\/kinoo.ovh\/wp-content\/uploads\/2025\/09\/IMG_7157-1024x1024.jpeg\" alt=\"\" class=\"wp-image-141\" srcset=\"https:\/\/kinoo.ovh\/wp-content\/uploads\/2025\/09\/IMG_7157-1024x1024.jpeg 1024w, https:\/\/kinoo.ovh\/wp-content\/uploads\/2025\/09\/IMG_7157-300x300.jpeg 300w, https:\/\/kinoo.ovh\/wp-content\/uploads\/2025\/09\/IMG_7157-150x150.jpeg 150w, https:\/\/kinoo.ovh\/wp-content\/uploads\/2025\/09\/IMG_7157-768x768.jpeg 768w, https:\/\/kinoo.ovh\/wp-content\/uploads\/2025\/09\/IMG_7157-1536x1536.jpeg 1536w, https:\/\/kinoo.ovh\/wp-content\/uploads\/2025\/09\/IMG_7157-2048x2048.jpeg 2048w\" sizes=\"auto, (max-width: 1024px) 100vw, 1024px\" \/><\/figure>\n\n\n\n<figure class=\"wp-block-image size-large\"><img loading=\"lazy\" decoding=\"async\" width=\"1024\" height=\"768\" data-id=\"140\" src=\"https:\/\/kinoo.ovh\/wp-content\/uploads\/2025\/09\/IMG_7098-1024x768.jpeg\" alt=\"\" class=\"wp-image-140\" srcset=\"https:\/\/kinoo.ovh\/wp-content\/uploads\/2025\/09\/IMG_7098-1024x768.jpeg 1024w, https:\/\/kinoo.ovh\/wp-content\/uploads\/2025\/09\/IMG_7098-300x225.jpeg 300w, https:\/\/kinoo.ovh\/wp-content\/uploads\/2025\/09\/IMG_7098-768x576.jpeg 768w, https:\/\/kinoo.ovh\/wp-content\/uploads\/2025\/09\/IMG_7098-1536x1152.jpeg 1536w, https:\/\/kinoo.ovh\/wp-content\/uploads\/2025\/09\/IMG_7098-2048x1536.jpeg 2048w\" sizes=\"auto, (max-width: 1024px) 100vw, 1024px\" \/><\/figure>\n\n\n\n<figure class=\"wp-block-image size-large\"><img loading=\"lazy\" decoding=\"async\" width=\"1024\" height=\"768\" data-id=\"139\" src=\"https:\/\/kinoo.ovh\/wp-content\/uploads\/2025\/09\/IMG_6955-1024x768.jpeg\" alt=\"\" class=\"wp-image-139\" srcset=\"https:\/\/kinoo.ovh\/wp-content\/uploads\/2025\/09\/IMG_6955-1024x768.jpeg 1024w, https:\/\/kinoo.ovh\/wp-content\/uploads\/2025\/09\/IMG_6955-300x225.jpeg 300w, https:\/\/kinoo.ovh\/wp-content\/uploads\/2025\/09\/IMG_6955-768x576.jpeg 768w, https:\/\/kinoo.ovh\/wp-content\/uploads\/2025\/09\/IMG_6955-1536x1152.jpeg 1536w, https:\/\/kinoo.ovh\/wp-content\/uploads\/2025\/09\/IMG_6955-2048x1536.jpeg 2048w\" sizes=\"auto, (max-width: 1024px) 100vw, 1024px\" \/><\/figure>\n<\/figure>\n<\/div>\n\n\n\n<aside class=\"wp-block-group alignfull is-style-section-3 has-global-padding is-layout-constrained wp-container-core-group-is-layout-f0f2a97b wp-block-group-is-layout-constrained is-style-section-3--6\" style=\"margin-top:0;margin-bottom:0;padding-top:var(--wp--preset--spacing--50);padding-right:var(--wp--preset--spacing--50);padding-bottom:var(--wp--preset--spacing--50);padding-left:var(--wp--preset--spacing--50)\">\n<div class=\"wp-block-group is-vertical is-content-justification-center is-layout-flex wp-container-core-group-is-layout-8778ca4a wp-block-group-is-layout-flex\" style=\"min-height:360px;margin-top:0;margin-bottom:0\">\n<h2 class=\"wp-block-heading has-text-align-center has-xx-large-font-size\">Merci de votre visite<\/h2>\n<\/div>\n<\/aside>\n","protected":false},"excerpt":{"rendered":"<p>Pour le plaisir Dans nos poches plus souvent que nos cl\u00e9s, notre t\u00e9l\u00e9phone est devenu une extension de notre main. Il n&#8217;est plus un accessoire, il est devenu un nouvel organe du corps humain, greff\u00e9 \u00e0 son propri\u00e9taire. Sa capacit\u00e9 \u00e0 photographier chaque instant sans limite a explos\u00e9 le nombre de clich\u00e9s pris. Ici est [&hellip;]<\/p>\n","protected":false},"author":1,"featured_media":0,"parent":0,"menu_order":0,"comment_status":"closed","ping_status":"closed","template":"","meta":{"footnotes":""},"class_list":["post-120","page","type-page","status-publish","hentry"],"_links":{"self":[{"href":"https:\/\/kinoo.ovh\/index.php\/wp-json\/wp\/v2\/pages\/120","targetHints":{"allow":["GET"]}}],"collection":[{"href":"https:\/\/kinoo.ovh\/index.php\/wp-json\/wp\/v2\/pages"}],"about":[{"href":"https:\/\/kinoo.ovh\/index.php\/wp-json\/wp\/v2\/types\/page"}],"author":[{"embeddable":true,"href":"https:\/\/kinoo.ovh\/index.php\/wp-json\/wp\/v2\/users\/1"}],"replies":[{"embeddable":true,"href":"https:\/\/kinoo.ovh\/index.php\/wp-json\/wp\/v2\/comments?post=120"}],"version-history":[{"count":12,"href":"https:\/\/kinoo.ovh\/index.php\/wp-json\/wp\/v2\/pages\/120\/revisions"}],"predecessor-version":[{"id":149,"href":"https:\/\/kinoo.ovh\/index.php\/wp-json\/wp\/v2\/pages\/120\/revisions\/149"}],"wp:attachment":[{"href":"https:\/\/kinoo.ovh\/index.php\/wp-json\/wp\/v2\/media?parent=120"}],"curies":[{"name":"wp","href":"https:\/\/api.w.org\/{rel}","templated":true}]}}